{"id":909,"date":"2019-09-27T15:53:24","date_gmt":"2019-09-27T15:53:24","guid":{"rendered":"http:\/\/www.medicexpert.ca\/?page_id=909"},"modified":"2025-02-18T04:09:20","modified_gmt":"2025-02-18T04:09:20","slug":"termes","status":"publish","type":"page","link":"https:\/\/www.medicexpert.ca\/en\/termes\/","title":{"rendered":"Legal notice"},"content":{"rendered":"<h2>Legal notice<\/h2>\n<span class=\"\" style=\"display:block;clear:both;height: 0px;padding-top: 5px;border-top-width:0px;border-bottom-width:0px;background: rgb(2,0,36);background: linear-gradient(90deg, rgba(2,0,36,1) 0%, rgba(105,105,212,1) 35%, rgba(0,212,255,1) 100%);\"><\/span>\n<p>MedicExpert offers a blood sampling and laboratory analysis service through a joint stock company under the laws of the province of Quebec (Canada).<\/p>\n<p>All elements, brands, texts, logos, designs, etc. on the www.medicexpert.ca site are the exclusive property of MedicExpert.<\/p>\n<p>The content of this website is for informational purposes only. MedicExpert does not accept any responsibility related to the use of this site.<\/p>\n<p>The use of the Medic Expert site constitutes a user agreement between the user and MedicExpert under the jurisdiction of the laws applicable in Quebec. The applicable judicial district is the judicial district of Montreal.<\/p>\n<p>The MedicExpert site includes links to other independent sites and has no responsibility for these sites and their content.<\/p>\n<h2 class=\"x-el x-el-h2 c1-1 c1-2 c1-1b c1-1c c1-e0 c1-1t c1-1s c1-1e c1-dz c1-1h c1-22 c1-80 c1-9w c1-82 c1-83 c1-e1 c1-84 c1-85 c1-86\" role=\"heading\" aria-level=\"2\" data-ux=\"SectionHeading\" data-aid=\"PRIVACY_SECTION_TITLE_RENDERED\" data-typography=\"HeadingBeta\"><span class=\"\" data-ux=\"Element\">privacy policy<\/span><\/h2>\n<div class=\"x-el x-el-div c1-1 c1-2 c1-14 c1-7e c1-7f c1-7g c1-1e c1-97 c1-98 c1-99 c1-b c1-c c1-9a c1-9b c1-9c c1-9d c1-d c1-e c1-f c1-g\" data-ux=\"Grid\">\n<div class=\"x-el x-el-div c1-1 c1-2 c1-7e c1-6i c1-7k c1-eu c1-13 c1-2i c1-9e c1-9f c1-9g c1-b c1-c c1-ev c1-ew c1-ex c1-9i c1-9j c1-9k c1-9l c1-d c1-7n c1-7o c1-7p c1-e c1-f c1-g\" data-ux=\"GridCell\">\n<div class=\"x-el c1-1 c1-2 c1-1b c1-1c c1-1d c1-1e c1-1f c1-1g c1-b c1-ey c1-c c1-1j c1-d c1-e c1-f c1-g x-rt\" data-ux=\"Text\" data-aid=\"PRIVACY_CONTENT_RENDERED\" data-typography=\"BodyAlpha\">\n<p>\u00a0<\/p>\n<p><strong class=\"x-el x-el-span c1-26 c1-27 c1-b c1-8g c1-3g c1-4d c1-8h\">privacy policy<\/strong><\/p>\n<p>Chez Medicexpert, la confidentialit\u00e9 et la s\u00e9curit\u00e9 des informations personnelles de nos patients est une priorit\u00e9 absolue. Cette politique de confidentialit\u00e9 d\u00e9crit comment nous recueillons, utilisons et prot\u00e9geons les informations que vous nous fournissez lorsque vous utilisez nos services de sant\u00e9.<\/p>\n<p><strong class=\"x-el x-el-span c1-26 c1-27 c1-b c1-8g c1-3g c1-4d c1-8h\">Collecte d&rsquo;informations<\/strong><\/p>\n<p>Nous recueillons des informations personnelles telles que votre nom, votre adresse, votre num\u00e9ro de t\u00e9l\u00e9phone et votre adresse courriel lorsque vous prenez rendez-vous ou utilisez nos services de sant\u00e9 et de pr\u00e9l\u00e8vements. Nous pouvons \u00e9galement collecter des informations sur votre sant\u00e9 lors des rendez-vous avec les infirmi\u00e8res afin de fournir un service adapt\u00e9, ainsi que dans le but d&rsquo;appliquer nos ordonnances collectives.<\/p>\n<p><strong class=\"x-el x-el-span c1-26 c1-27 c1-b c1-8g c1-3g c1-4d c1-8h\">Utilisation des informations<\/strong><\/p>\n<p>Les informations personnelles que nous recueillons sont utilis\u00e9es uniquement dans le but de communiquer avec vous dans le cadre de vos soins, et pour r\u00e9pondre \u00e0 vos demandes de renseignements. Nous pouvons \u00e9galement utiliser vos informations pour vous envoyer des rappels de rendez-vous et de suivi client.<\/p>\n<p><strong class=\"x-el x-el-span c1-26 c1-27 c1-b c1-8g c1-3g c1-4d c1-8h\">Partage d&rsquo;informations<\/strong><\/p>\n<p>Nous ne partageons pas vos informations personnelles avec des tiers, sauf si cela est n\u00e9cessaire pour fournir les services que vous avez demand\u00e9s ou si la loi l&rsquo;exige. Nous pouvons partager vos informations avec d&rsquo;autres professionnels de la sant\u00e9 impliqu\u00e9s dans votre traitement, mais seulement avec votre consentement.<\/p>\n<p><strong class=\"x-el x-el-span c1-26 c1-27 c1-b c1-8g c1-3g c1-4d c1-8h\">S\u00e9curit\u00e9 des informations<\/strong><\/p>\n<p>Nous prenons des mesures de s\u00e9curit\u00e9 appropri\u00e9es pour prot\u00e9ger vos informations personnelles contre l&rsquo;acc\u00e8s non autoris\u00e9, la divulgation, l&rsquo;alt\u00e9ration ou la destruction. Cela comprend la s\u00e9curisation de nos installations physiques, des mesures de s\u00e9curit\u00e9 informatiques et la formation du personnel sur la protection de la confidentialit\u00e9 des donn\u00e9es.<\/p>\n<p><strong class=\"x-el x-el-span c1-26 c1-27 c1-b c1-8g c1-3g c1-4d c1-8h\">Acc\u00e8s et contr\u00f4le de vos informations<\/strong><\/p>\n<p>Vous avez le droit de demander l&rsquo;acc\u00e9s, la correction ou la suppression de vos informations personnelles que nous d\u00e9tenons. Vous pouvez \u00e9galement demander \u00e0 limiter l&rsquo;utilisation et la divulgation de vos informations. Pour exercer ces droits ou pour toute question concernant notre politique de confidentialit\u00e9, veuillez nous contacter \u00e0 l&rsquo;adresse courriel info@medicexpert.ca.<\/p>\n<p><strong class=\"x-el x-el-span c1-26 c1-27 c1-b c1-8g c1-3g c1-4d c1-8h\">Modifications de la politique de confidentialit\u00e9<\/strong><\/p>\n<p>Nous nous r\u00e9servons le droit de modifier cette politique de confidentialit\u00e9 \u00e0 tout moment. Toute modification sera publi\u00e9e sur notre site Web avec la date d&rsquo;entr\u00e9e en vigueur. Nous vous encourageons \u00e0 consulter r\u00e9guli\u00e8rement cette politique pour rester inform\u00e9 de la mani\u00e8re dont nous prot\u00e9geons vos informations personnelles.<\/p>\n<p>\u00a0<\/p>\n<\/div>\n<\/div>\n<\/div>\n\n\n<p><\/p>","protected":false},"excerpt":{"rendered":"<p>Avis L\u00e9gal MedicExpert offre un service de pr\u00e9l\u00e8vement sanguin et d\u2019analyses en laboratoire par l\u2019interm\u00e9diaire d\u2019une soci\u00e9t\u00e9 par actions en vertu des lois de la province du Qu\u00e9bec (Canada). L\u2019ensemble des \u00e9l\u00e9ments, marques, textes, logos, dessins, etc., du site www.medicexpert.ca sont la propri\u00e9t\u00e9 exclusive de MedicExpert . Le contenu du pr\u00e9sent site web est de [&hellip;]<\/p>\n","protected":false},"author":1,"featured_media":0,"parent":0,"menu_order":0,"comment_status":"closed","ping_status":"closed","template":"","meta":{"footnotes":""},"class_list":["post-909","page","type-page","status-publish","hentry"],"_links":{"self":[{"href":"https:\/\/www.medicexpert.ca\/en\/wp-json\/wp\/v2\/pages\/909","targetHints":{"allow":["GET"]}}],"collection":[{"href":"https:\/\/www.medicexpert.ca\/en\/wp-json\/wp\/v2\/pages"}],"about":[{"href":"https:\/\/www.medicexpert.ca\/en\/wp-json\/wp\/v2\/types\/page"}],"author":[{"embeddable":true,"href":"https:\/\/www.medicexpert.ca\/en\/wp-json\/wp\/v2\/users\/1"}],"replies":[{"embeddable":true,"href":"https:\/\/www.medicexpert.ca\/en\/wp-json\/wp\/v2\/comments?post=909"}],"version-history":[{"count":1,"href":"https:\/\/www.medicexpert.ca\/en\/wp-json\/wp\/v2\/pages\/909\/revisions"}],"predecessor-version":[{"id":6504,"href":"https:\/\/www.medicexpert.ca\/en\/wp-json\/wp\/v2\/pages\/909\/revisions\/6504"}],"wp:attachment":[{"href":"https:\/\/www.medicexpert.ca\/en\/wp-json\/wp\/v2\/media?parent=909"}],"curies":[{"name":"wp","href":"https:\/\/api.w.org\/{rel}","templated":true}]}}