{"id":907,"date":"2019-09-27T15:52:27","date_gmt":"2019-09-27T15:52:27","guid":{"rendered":"http:\/\/www.medicexpert.ca\/?page_id=907"},"modified":"2025-02-18T04:11:19","modified_gmt":"2025-02-18T04:11:19","slug":"politique","status":"publish","type":"page","link":"https:\/\/www.medicexpert.ca\/en\/politique\/","title":{"rendered":"privacy policy"},"content":{"rendered":"<h1>Privacy policy.<\/h1>\n<p class=\"translation-block\"><strong> Introduction <\/strong> <br>\nFaced with the development of new communication tools, it is necessary to pay particular attention to the protection of privacy. This is why we are committed to respecting the confidentiality of the personal information that we collect.<\/p>\n<span class=\"\" style=\"display:block;clear:both;height: 0px;padding-top: 5px;border-top-width:0px;border-bottom-width:0px;background: rgb(2,0,36);background: linear-gradient(90deg, rgba(2,0,36,1) 0%, rgba(105,105,212,1) 35%, rgba(0,212,255,1) 100%);\"><\/span>\n<h2>Collection of personal information<\/h2>\n<p>We collect the following information:<\/p>\n<ul>\n<li>Name<\/li>\n<li>First name<\/li>\n<li>E-mail<\/li>\n<li>Medical data<\/li>\n<\/ul>\n<p>The personal information we collect is collected through forms and through the interactivity established between you and our website. We also use, as indicated in the following section, cookies and \/ or logs to collect information about you.<\/p>\n<span class=\"\" style=\"display:block;clear:both;height: 0px;padding-top: 5px;border-top-width:0px;border-bottom-width:0px;background: rgb(2,0,36);background: linear-gradient(90deg, rgba(2,0,36,1) 0%, rgba(105,105,212,1) 35%, rgba(0,212,255,1) 100%);\"><\/span>\n<h2>Forms and interactivity:<\/h2>\n<p>Your personal information is collected using a form, namely:<\/p>\n<ul>\n<li>Registration form<\/li>\n<li>Competition<\/li>\n<\/ul>\n<p>We use the information thus collected for the following purposes:<\/p>\n<ul>\n<li>Contact<\/li>\n<\/ul>\n<p>Your information is also collected through the interactivity that can be established between you and our website, as follows:<\/p>\n<ul>\n<li>Contact<\/li>\n<\/ul>\n<p>We use the information thus collected for the following purposes:<\/p>\n<ul>\n<li>Correspondence<\/li>\n<\/ul>\n<h2><span class=\"\" style=\"display:block;clear:both;height: 0px;padding-top: 5px;border-top-width:0px;border-bottom-width:0px;background: rgb(2,0,36);background: linear-gradient(90deg, rgba(2,0,36,1) 0%, rgba(105,105,212,1) 35%, rgba(0,212,255,1) 100%);\"><\/span><\/h2>\n<h2>Log and cookie files<\/h2>\n<p>We collect certain information through log files and cookies. This is mainly the following information:<\/p>\n<ul>\n<li>IP adress<\/li>\n<li>Visited pages and requests<\/li>\n<\/ul>\n<p>The use of such files allows us to:<\/p>\n<ul>\n<li>Improved service and personalized welcome<\/li>\n<\/ul>\n<h2><span class=\"\" style=\"display:block;clear:both;height: 0px;padding-top: 5px;border-top-width:0px;border-bottom-width:0px;background: rgb(2,0,36);background: linear-gradient(90deg, rgba(2,0,36,1) 0%, rgba(105,105,212,1) 35%, rgba(0,212,255,1) 100%);\"><\/span><\/h2>\n<h2>Right of opposition and withdrawal<\/h2>\n<p class=\"translation-block\">We are committed to providing you with the right to object and opt out of your personal information. <br>\nThe right of opposition is understood as being the possibility offered to Internet users to refuse that their personal information be used for certain purposes mentioned during the collection.<\/p>\n<p>The right of withdrawal is understood to be the possibility offered to Internet users to request that their personal information no longer appear, for example, in a distribution list.<\/p>\n<p>Pour pouvoir exercer ces droits, vous pouvez nous joindre :<br \/>\nCourriel : info@medexpert.ca<\/p>\n<h2><span class=\"\" style=\"display:block;clear:both;height: 0px;padding-top: 5px;border-top-width:0px;border-bottom-width:0px;background: rgb(2,0,36);background: linear-gradient(90deg, rgba(2,0,36,1) 0%, rgba(105,105,212,1) 35%, rgba(0,212,255,1) 100%);\"><\/span><\/h2>\n<h2>Security<\/h2>\n<p>The personal information we collect is kept in a secure environment. People working for us are required to respect the confidentiality of your information.<br \/>\nTo ensure the security of your personal information, we use the following measures:<\/p>\n<ul>\n<li>SSL (Secure Sockets Layer) protocol<\/li>\n<li>Firewalls<\/li>\n<\/ul>\n<p>We are committed to maintaining a high degree of confidentiality by incorporating the latest technological innovations to ensure the confidentiality of your transactions. However, since no mechanism offers maximum security, there is always a risk involved when using the Internet to transmit personal information.<\/p>\n<h2><span class=\"\" style=\"display:block;clear:both;height: 0px;padding-top: 5px;border-top-width:0px;border-bottom-width:0px;background: rgb(2,0,36);background: linear-gradient(90deg, rgba(2,0,36,1) 0%, rgba(105,105,212,1) 35%, rgba(0,212,255,1) 100%);\"><\/span><\/h2>\n<h2>Legislation<\/h2>\n<p>We are committed to respecting the legislative provisions set out in the province of Quebec.<\/p>","protected":false},"excerpt":{"rendered":"<p>Politique de confidentialit\u00e9. Introduction Devant le d\u00e9veloppement des nouveaux outils de communication, il est n\u00e9cessaire de porter une attention particuli\u00e8re \u00e0 la protection de la vie priv\u00e9e. C&rsquo;est pourquoi, nous nous engageons \u00e0 respecter la confidentialit\u00e9 des renseignements personnels que nous collectons. Collecte des renseignements personnels Nous collectons les renseignements suivants : Nom Pr\u00e9nom Adresse [&hellip;]<\/p>\n","protected":false},"author":1,"featured_media":0,"parent":0,"menu_order":0,"comment_status":"closed","ping_status":"closed","template":"","meta":{"footnotes":""},"class_list":["post-907","page","type-page","status-publish","hentry"],"_links":{"self":[{"href":"https:\/\/www.medicexpert.ca\/en\/wp-json\/wp\/v2\/pages\/907","targetHints":{"allow":["GET"]}}],"collection":[{"href":"https:\/\/www.medicexpert.ca\/en\/wp-json\/wp\/v2\/pages"}],"about":[{"href":"https:\/\/www.medicexpert.ca\/en\/wp-json\/wp\/v2\/types\/page"}],"author":[{"embeddable":true,"href":"https:\/\/www.medicexpert.ca\/en\/wp-json\/wp\/v2\/users\/1"}],"replies":[{"embeddable":true,"href":"https:\/\/www.medicexpert.ca\/en\/wp-json\/wp\/v2\/comments?post=907"}],"version-history":[{"count":1,"href":"https:\/\/www.medicexpert.ca\/en\/wp-json\/wp\/v2\/pages\/907\/revisions"}],"predecessor-version":[{"id":6512,"href":"https:\/\/www.medicexpert.ca\/en\/wp-json\/wp\/v2\/pages\/907\/revisions\/6512"}],"wp:attachment":[{"href":"https:\/\/www.medicexpert.ca\/en\/wp-json\/wp\/v2\/media?parent=907"}],"curies":[{"name":"wp","href":"https:\/\/api.w.org\/{rel}","templated":true}]}}